{"id":18971,"date":"2020-06-05T13:02:16","date_gmt":"2020-06-05T10:02:16","guid":{"rendered":"http:\/\/genchayat.org\/index.php\/bizden-haberler\/"},"modified":"2023-02-24T09:22:31","modified_gmt":"2023-02-24T06:22:31","slug":"news","status":"publish","type":"page","link":"https:\/\/www.genchayat.org\/en\/news\/","title":{"rendered":"News"},"content":{"rendered":"\t\t<div data-elementor-type=\"wp-post\" data-elementor-id=\"18971\" class=\"elementor elementor-18971 elementor-17956\">\n\t\t\t\t\t\t<section class=\"elementor-section elementor-top-section elementor-element elementor-element-6fb1969 elementor-section-boxed elementor-section-height-default elementor-section-height-default\" data-id=\"6fb1969\" data-element_type=\"section\" data-e-type=\"section\" data-settings=\"{&quot;jet_parallax_layout_list&quot;:[{&quot;jet_parallax_layout_image&quot;:{&quot;url&quot;:&quot;&quot;,&quot;id&quot;:&quot;&quot;,&quot;size&quot;:&quot;&quot;},&quot;_id&quot;:&quot;c198db8&quot;,&quot;jet_parallax_layout_image_tablet&quot;:{&quot;url&quot;:&quot;&quot;,&quot;id&quot;:&quot;&quot;,&quot;size&quot;:&quot;&quot;},&quot;jet_parallax_layout_image_mobile&quot;:{&quot;url&quot;:&quot;&quot;,&quot;id&quot;:&quot;&quot;,&quot;size&quot;:&quot;&quot;},&quot;jet_parallax_layout_speed&quot;:{&quot;unit&quot;:&quot;%&quot;,&quot;size&quot;:50,&quot;sizes&quot;:[]},&quot;jet_parallax_layout_type&quot;:&quot;scroll&quot;,&quot;jet_parallax_layout_direction&quot;:&quot;1&quot;,&quot;jet_parallax_layout_fx_direction&quot;:null,&quot;jet_parallax_layout_z_index&quot;:&quot;&quot;,&quot;jet_parallax_layout_bg_x&quot;:50,&quot;jet_parallax_layout_bg_x_tablet&quot;:&quot;&quot;,&quot;jet_parallax_layout_bg_x_mobile&quot;:&quot;&quot;,&quot;jet_parallax_layout_bg_y&quot;:50,&quot;jet_parallax_layout_bg_y_tablet&quot;:&quot;&quot;,&quot;jet_parallax_layout_bg_y_mobile&quot;:&quot;&quot;,&quot;jet_parallax_layout_bg_size&quot;:&quot;auto&quot;,&quot;jet_parallax_layout_bg_size_tablet&quot;:&quot;&quot;,&quot;jet_parallax_layout_bg_size_mobile&quot;:&quot;&quot;,&quot;jet_parallax_layout_animation_prop&quot;:&quot;transform&quot;,&quot;jet_parallax_layout_on&quot;:[&quot;desktop&quot;,&quot;tablet&quot;]}]}\">\n\t\t\t\t\t\t<div class=\"elementor-container elementor-column-gap-default\">\n\t\t\t\t\t<div class=\"elementor-column elementor-col-100 elementor-top-column elementor-element elementor-element-ac7f263\" data-id=\"ac7f263\" data-element_type=\"column\" data-e-type=\"column\">\n\t\t\t<div class=\"elementor-widget-wrap elementor-element-populated\">\n\t\t\t\t\t\t<div class=\"elementor-element elementor-element-878b5c8 elementor-widget elementor-widget-jet-headline\" data-id=\"878b5c8\" data-element_type=\"widget\" data-e-type=\"widget\" data-widget_type=\"jet-headline.default\">\n\t\t\t\t<div class=\"elementor-widget-container\">\n\t\t\t\t\t<h2 class=\"jet-headline jet-headline--direction-horizontal\"><span class=\"jet-headline__part jet-headline__first\"><span class=\"jet-headline__label\">NEWS<\/span><\/span><span class=\"jet-headline__space\">&nbsp;<\/span><\/h2>\t\t\t\t<\/div>\n\t\t\t\t<\/div>\n\t\t\t\t\t<\/div>\n\t\t<\/div>\n\t\t\t\t\t<\/div>\n\t\t<\/section>\n\t\t\t\t<section class=\"elementor-section elementor-top-section elementor-element elementor-element-d2a2988 elementor-section-boxed elementor-section-height-default elementor-section-height-default\" data-id=\"d2a2988\" data-element_type=\"section\" data-e-type=\"section\" data-settings=\"{&quot;jet_parallax_layout_list&quot;:[{&quot;jet_parallax_layout_image&quot;:{&quot;url&quot;:&quot;&quot;,&quot;id&quot;:&quot;&quot;,&quot;size&quot;:&quot;&quot;},&quot;_id&quot;:&quot;c198db8&quot;,&quot;jet_parallax_layout_image_tablet&quot;:{&quot;url&quot;:&quot;&quot;,&quot;id&quot;:&quot;&quot;,&quot;size&quot;:&quot;&quot;},&quot;jet_parallax_layout_image_mobile&quot;:{&quot;url&quot;:&quot;&quot;,&quot;id&quot;:&quot;&quot;,&quot;size&quot;:&quot;&quot;},&quot;jet_parallax_layout_speed&quot;:{&quot;unit&quot;:&quot;%&quot;,&quot;size&quot;:50,&quot;sizes&quot;:[]},&quot;jet_parallax_layout_type&quot;:&quot;scroll&quot;,&quot;jet_parallax_layout_direction&quot;:&quot;1&quot;,&quot;jet_parallax_layout_fx_direction&quot;:null,&quot;jet_parallax_layout_z_index&quot;:&quot;&quot;,&quot;jet_parallax_layout_bg_x&quot;:50,&quot;jet_parallax_layout_bg_x_tablet&quot;:&quot;&quot;,&quot;jet_parallax_layout_bg_x_mobile&quot;:&quot;&quot;,&quot;jet_parallax_layout_bg_y&quot;:50,&quot;jet_parallax_layout_bg_y_tablet&quot;:&quot;&quot;,&quot;jet_parallax_layout_bg_y_mobile&quot;:&quot;&quot;,&quot;jet_parallax_layout_bg_size&quot;:&quot;auto&quot;,&quot;jet_parallax_layout_bg_size_tablet&quot;:&quot;&quot;,&quot;jet_parallax_layout_bg_size_mobile&quot;:&quot;&quot;,&quot;jet_parallax_layout_animation_prop&quot;:&quot;transform&quot;,&quot;jet_parallax_layout_on&quot;:[&quot;desktop&quot;,&quot;tablet&quot;]}]}\">\n\t\t\t\t\t\t<div class=\"elementor-container elementor-column-gap-default\">\n\t\t\t\t\t<div class=\"elementor-column elementor-col-100 elementor-top-column elementor-element elementor-element-2d92263\" data-id=\"2d92263\" data-element_type=\"column\" data-e-type=\"column\">\n\t\t\t<div class=\"elementor-widget-wrap elementor-element-populated\">\n\t\t\t\t\t\t<div class=\"elementor-element elementor-element-eeea9af elementor-widget elementor-widget-raven-posts\" data-id=\"eeea9af\" data-element_type=\"widget\" data-e-type=\"widget\" data-settings=\"{&quot;classic_show_pagination&quot;:&quot;yes&quot;,&quot;classic_pagination_type&quot;:&quot;infinite_load&quot;,&quot;_skin&quot;:&quot;classic&quot;,&quot;classic_layout&quot;:&quot;grid&quot;,&quot;classic_columns&quot;:&quot;3&quot;,&quot;classic_columns_tablet&quot;:&quot;2&quot;,&quot;classic_columns_mobile&quot;:&quot;1&quot;,&quot;query_posts_per_page&quot;:6,&quot;query_offset&quot;:0}\" data-widget_type=\"raven-posts.classic\">\n\t\t\t\t<div class=\"elementor-widget-container\">\n\t\t\t\t\t\t\t<div class=\"raven-posts raven-grid raven-grid-3 raven-grid-mobile-1 raven-grid-tablet-2\" data-post-id=\"18971\" data-archive-query=\"\" data-lang=\"\">\n\t\t\t\t<div class=\"raven-grid-item raven-post-item post-29894 post type-post status-publish format-standard has-post-thumbnail hentry category-news\">\n\t\t\t<div class=\"raven-post\">\n\t\t\t\t\t\t<div class=\"raven-post-image-wrap\">\n\t\t\t<a class=\"raven-post-image raven-image-fit\" href=\"https:\/\/www.genchayat.org\/en\/support_us_through_cryptocurrency_donations\/\"><img fetchpriority=\"high\" decoding=\"async\" width=\"1024\" height=\"904\" src=\"https:\/\/www.genchayat.org\/wp-content\/uploads\/2023\/03\/ing_1-1-e1678282237695-1024x904.jpg\" class=\"attachment-large size-large wp-image-29891\" alt=\"\" srcset=\"https:\/\/www.genchayat.org\/wp-content\/uploads\/2023\/03\/ing_1-1-e1678282237695-1024x904.jpg 1024w, https:\/\/www.genchayat.org\/wp-content\/uploads\/2023\/03\/ing_1-1-e1678282237695-300x265.jpg 300w, https:\/\/www.genchayat.org\/wp-content\/uploads\/2023\/03\/ing_1-1-e1678282237695-768x678.jpg 768w, https:\/\/www.genchayat.org\/wp-content\/uploads\/2023\/03\/ing_1-1-e1678282237695-295x260.jpg 295w, https:\/\/www.genchayat.org\/wp-content\/uploads\/2023\/03\/ing_1-1-e1678282237695-870x768.jpg 870w, https:\/\/www.genchayat.org\/wp-content\/uploads\/2023\/03\/ing_1-1-e1678282237695-469x414.jpg 469w, https:\/\/www.genchayat.org\/wp-content\/uploads\/2023\/03\/ing_1-1-e1678282237695-414x365.jpg 414w, https:\/\/www.genchayat.org\/wp-content\/uploads\/2023\/03\/ing_1-1-e1678282237695.jpg 1080w\" sizes=\"(max-width: 1024px) 100vw, 1024px\" \/> <span class=\"raven-post-image-overlay\"><\/span><\/a>\t\t<\/div>\n\t\t\t\t\t\t<div class=\"raven-post-content\">\n\t\t\t\t\t<h2 class=\"raven-post-title\"><a class=\"raven-post-title-link\" href=\"https:\/\/www.genchayat.org\/en\/support_us_through_cryptocurrency_donations\/\">You can support us through cryptocurrency donations.<\/a><\/h2><div class=\"raven-post-excerpt\">You can now support the Young Lives Foundation through cryptocurrency donations with Paribu. In the disaster areas, children, adolescents and women are in need of basic supplies as well as<\/div>\t\t<div class=\"raven-post-read-more\">\n\t\t\t<a class=\"raven-post-button\" href=\"https:\/\/www.genchayat.org\/en\/support_us_through_cryptocurrency_donations\/\"><span class=\"raven-post-button-text\">Read More<\/span><\/a>\n\t\t<\/div>\n\t\t\t\t\t\t<\/div>\n\t\t\t<\/div>\n\t\t<\/div>\n\t\t\t\t<div class=\"raven-grid-item raven-post-item post-29214 post type-post status-publish format-standard has-post-thumbnail hentry category-news\">\n\t\t\t<div class=\"raven-post\">\n\t\t\t\t\t\t<div class=\"raven-post-image-wrap\">\n\t\t\t<a class=\"raven-post-image raven-image-fit\" href=\"https:\/\/www.genchayat.org\/en\/earthquake_in_turkiye\/\"><img decoding=\"async\" width=\"768\" height=\"1024\" src=\"https:\/\/www.genchayat.org\/wp-content\/uploads\/2023\/02\/55BBD05E-096B-473B-A6A8-80A2D42548C6-768x1024.jpg\" class=\"attachment-large size-large wp-image-29095\" alt=\"\" srcset=\"https:\/\/www.genchayat.org\/wp-content\/uploads\/2023\/02\/55BBD05E-096B-473B-A6A8-80A2D42548C6-768x1024.jpg 768w, https:\/\/www.genchayat.org\/wp-content\/uploads\/2023\/02\/55BBD05E-096B-473B-A6A8-80A2D42548C6-225x300.jpg 225w, https:\/\/www.genchayat.org\/wp-content\/uploads\/2023\/02\/55BBD05E-096B-473B-A6A8-80A2D42548C6-1152x1536.jpg 1152w, https:\/\/www.genchayat.org\/wp-content\/uploads\/2023\/02\/55BBD05E-096B-473B-A6A8-80A2D42548C6.jpg 1536w\" sizes=\"(max-width: 768px) 100vw, 768px\" \/> <span class=\"raven-post-image-overlay\"><\/span><\/a>\t\t<\/div>\n\t\t\t\t\t\t<div class=\"raven-post-content\">\n\t\t\t\t\t<h2 class=\"raven-post-title\"><a class=\"raven-post-title-link\" href=\"https:\/\/www.genchayat.org\/en\/earthquake_in_turkiye\/\">Earthquake in T\u00fcrkiye<\/a><\/h2><div class=\"raven-post-excerpt\">EARTHQUAKE IN T\u00dcRK\u0130YE EMERGENCY EARTHQUAKE RESPONSE REPORT Part I: What happened Part II: How we responded Part III: What are we going to the next<\/div>\t\t<div class=\"raven-post-read-more\">\n\t\t\t<a class=\"raven-post-button\" href=\"https:\/\/www.genchayat.org\/en\/earthquake_in_turkiye\/\"><span class=\"raven-post-button-text\">Read More<\/span><\/a>\n\t\t<\/div>\n\t\t\t\t\t\t<\/div>\n\t\t\t<\/div>\n\t\t<\/div>\n\t\t\t\t<div class=\"raven-grid-item raven-post-item post-29127 post type-post status-publish format-standard has-post-thumbnail hentry category-news\">\n\t\t\t<div class=\"raven-post\">\n\t\t\t\t\t\t<div class=\"raven-post-image-wrap\">\n\t\t\t<a class=\"raven-post-image raven-image-fit\" href=\"https:\/\/www.genchayat.org\/en\/young-lives-foundation-in-the-affected-area\/\"><img decoding=\"async\" width=\"1024\" height=\"635\" src=\"https:\/\/www.genchayat.org\/wp-content\/uploads\/2023\/02\/WhatsApp-Image-2023-02-09-at-12.11.23-3-e1676028426785-1024x635.jpeg\" class=\"attachment-large size-large wp-image-29082\" alt=\"\" srcset=\"https:\/\/www.genchayat.org\/wp-content\/uploads\/2023\/02\/WhatsApp-Image-2023-02-09-at-12.11.23-3-e1676028426785-1024x635.jpeg 1024w, https:\/\/www.genchayat.org\/wp-content\/uploads\/2023\/02\/WhatsApp-Image-2023-02-09-at-12.11.23-3-e1676028426785-300x186.jpeg 300w, https:\/\/www.genchayat.org\/wp-content\/uploads\/2023\/02\/WhatsApp-Image-2023-02-09-at-12.11.23-3-e1676028426785-768x476.jpeg 768w, https:\/\/www.genchayat.org\/wp-content\/uploads\/2023\/02\/WhatsApp-Image-2023-02-09-at-12.11.23-3-e1676028426785-330x205.jpeg 330w, https:\/\/www.genchayat.org\/wp-content\/uploads\/2023\/02\/WhatsApp-Image-2023-02-09-at-12.11.23-3-e1676028426785-668x414.jpeg 668w, https:\/\/www.genchayat.org\/wp-content\/uploads\/2023\/02\/WhatsApp-Image-2023-02-09-at-12.11.23-3-e1676028426785-1280x793.jpeg 1280w, https:\/\/www.genchayat.org\/wp-content\/uploads\/2023\/02\/WhatsApp-Image-2023-02-09-at-12.11.23-3-e1676028426785-414x257.jpeg 414w, https:\/\/www.genchayat.org\/wp-content\/uploads\/2023\/02\/WhatsApp-Image-2023-02-09-at-12.11.23-3-e1676028426785.jpeg 1420w\" sizes=\"(max-width: 1024px) 100vw, 1024px\" \/> <span class=\"raven-post-image-overlay\"><\/span><\/a>\t\t<\/div>\n\t\t\t\t\t\t<div class=\"raven-post-content\">\n\t\t\t\t\t<h2 class=\"raven-post-title\"><a class=\"raven-post-title-link\" href=\"https:\/\/www.genchayat.org\/en\/young-lives-foundation-in-the-affected-area\/\">Young Lives Foundation In The Affected Area<\/a><\/h2><div class=\"raven-post-excerpt\">WHAT ARE WE DOING IN EARTHQUAKE ZONES? We have been in disaster areas with our team of professionals since the first day. We have delivered basic food and supplies to<\/div>\t\t<div class=\"raven-post-read-more\">\n\t\t\t<a class=\"raven-post-button\" href=\"https:\/\/www.genchayat.org\/en\/young-lives-foundation-in-the-affected-area\/\"><span class=\"raven-post-button-text\">Read More<\/span><\/a>\n\t\t<\/div>\n\t\t\t\t\t\t<\/div>\n\t\t\t<\/div>\n\t\t<\/div>\n\t\t\t\t<div class=\"raven-grid-item raven-post-item post-25574 post type-post status-publish format-standard has-post-thumbnail hentry category-news\">\n\t\t\t<div class=\"raven-post\">\n\t\t\t\t\t\t<div class=\"raven-post-image-wrap\">\n\t\t\t<a class=\"raven-post-image raven-image-fit\" href=\"https:\/\/www.genchayat.org\/en\/summer-workshops\/\"><img loading=\"lazy\" decoding=\"async\" width=\"1024\" height=\"461\" src=\"https:\/\/www.genchayat.org\/wp-content\/uploads\/2021\/08\/20210810_150917-1024x461.jpg\" class=\"attachment-large size-large wp-image-25608\" alt=\"\" srcset=\"https:\/\/www.genchayat.org\/wp-content\/uploads\/2021\/08\/20210810_150917-1024x461.jpg 1024w, https:\/\/www.genchayat.org\/wp-content\/uploads\/2021\/08\/20210810_150917-300x135.jpg 300w, https:\/\/www.genchayat.org\/wp-content\/uploads\/2021\/08\/20210810_150917-768x346.jpg 768w, https:\/\/www.genchayat.org\/wp-content\/uploads\/2021\/08\/20210810_150917-1536x691.jpg 1536w, https:\/\/www.genchayat.org\/wp-content\/uploads\/2021\/08\/20210810_150917-2048x922.jpg 2048w\" sizes=\"(max-width: 1024px) 100vw, 1024px\" \/> <span class=\"raven-post-image-overlay\"><\/span><\/a>\t\t<\/div>\n\t\t\t\t\t\t<div class=\"raven-post-content\">\n\t\t\t\t\t<h2 class=\"raven-post-title\"><a class=\"raven-post-title-link\" href=\"https:\/\/www.genchayat.org\/en\/summer-workshops\/\">Stories From Summer Workshops<\/a><\/h2><div class=\"raven-post-excerpt\">STORIES FROM SUMMER WORKSHOPS Play Video Dicle, 10, Sakarya Play Video Yi\u011fit, 11, Sakarya Question: If you were an animal and could talk to other animals, which animal would you<\/div>\t\t<div class=\"raven-post-read-more\">\n\t\t\t<a class=\"raven-post-button\" href=\"https:\/\/www.genchayat.org\/en\/summer-workshops\/\"><span class=\"raven-post-button-text\">Read More<\/span><\/a>\n\t\t<\/div>\n\t\t\t\t\t\t<\/div>\n\t\t\t<\/div>\n\t\t<\/div>\n\t\t\t\t<div class=\"raven-grid-item raven-post-item post-24211 post type-post status-publish format-standard has-post-thumbnail hentry category-news category-uncategorized\">\n\t\t\t<div class=\"raven-post\">\n\t\t\t\t\t\t<div class=\"raven-post-image-wrap\">\n\t\t\t<a class=\"raven-post-image raven-image-fit\" href=\"https:\/\/www.genchayat.org\/en\/take-a-step-for-education-with-genc-hayat-foundation-and-helpsteps\/\"><img loading=\"lazy\" decoding=\"async\" width=\"1024\" height=\"576\" src=\"https:\/\/www.genchayat.org\/wp-content\/uploads\/2021\/08\/Temmuz-2021-tw-5-1024x576.png\" class=\"attachment-large size-large wp-image-24213\" alt=\"\" srcset=\"https:\/\/www.genchayat.org\/wp-content\/uploads\/2021\/08\/Temmuz-2021-tw-5-1024x576.png 1024w, https:\/\/www.genchayat.org\/wp-content\/uploads\/2021\/08\/Temmuz-2021-tw-5-300x169.png 300w, https:\/\/www.genchayat.org\/wp-content\/uploads\/2021\/08\/Temmuz-2021-tw-5-768x432.png 768w, https:\/\/www.genchayat.org\/wp-content\/uploads\/2021\/08\/Temmuz-2021-tw-5-1536x864.png 1536w, https:\/\/www.genchayat.org\/wp-content\/uploads\/2021\/08\/Temmuz-2021-tw-5.png 1600w\" sizes=\"(max-width: 1024px) 100vw, 1024px\" \/> <span class=\"raven-post-image-overlay\"><\/span><\/a>\t\t<\/div>\n\t\t\t\t\t\t<div class=\"raven-post-content\">\n\t\t\t\t\t<h2 class=\"raven-post-title\"><a class=\"raven-post-title-link\" href=\"https:\/\/www.genchayat.org\/en\/take-a-step-for-education-with-genc-hayat-foundation-and-helpsteps\/\">Take a Step for Education with Gen\u00e7 Hayat Foundation and HelpSteps!<\/a><\/h2><div class=\"raven-post-excerpt\">Let Your Steps Turn into Education! Help Steps is a health application that automatically records your daily steps and allows you to convert them into HS (Help Steps) steps at<\/div>\t\t<div class=\"raven-post-read-more\">\n\t\t\t<a class=\"raven-post-button\" href=\"https:\/\/www.genchayat.org\/en\/take-a-step-for-education-with-genc-hayat-foundation-and-helpsteps\/\"><span class=\"raven-post-button-text\">Read More<\/span><\/a>\n\t\t<\/div>\n\t\t\t\t\t\t<\/div>\n\t\t\t<\/div>\n\t\t<\/div>\n\t\t\t\t<div class=\"raven-grid-item raven-post-item post-23899 post type-post status-publish format-standard has-post-thumbnail hentry category-news category-uncategorized\">\n\t\t\t<div class=\"raven-post\">\n\t\t\t\t\t\t<div class=\"raven-post-image-wrap\">\n\t\t\t<a class=\"raven-post-image raven-image-fit\" href=\"https:\/\/www.genchayat.org\/en\/worker-and-child-rights-in-seasonal-agriculture-leaflets-are-published\/\"><img loading=\"lazy\" decoding=\"async\" width=\"1024\" height=\"512\" src=\"https:\/\/www.genchayat.org\/wp-content\/uploads\/2021\/07\/Haberler-16.png\" class=\"attachment-large size-large wp-image-23958\" alt=\"\" srcset=\"https:\/\/www.genchayat.org\/wp-content\/uploads\/2021\/07\/Haberler-16.png 1024w, https:\/\/www.genchayat.org\/wp-content\/uploads\/2021\/07\/Haberler-16-300x150.png 300w, https:\/\/www.genchayat.org\/wp-content\/uploads\/2021\/07\/Haberler-16-768x384.png 768w\" sizes=\"(max-width: 1024px) 100vw, 1024px\" \/> <span class=\"raven-post-image-overlay\"><\/span><\/a>\t\t<\/div>\n\t\t\t\t\t\t<div class=\"raven-post-content\">\n\t\t\t\t\t<h2 class=\"raven-post-title\"><a class=\"raven-post-title-link\" href=\"https:\/\/www.genchayat.org\/en\/worker-and-child-rights-in-seasonal-agriculture-leaflets-are-published\/\">&#8220;Worker and Child Rights in Seasonal Agriculture&#8221; Leaflets are Published!<\/a><\/h2><div class=\"raven-post-excerpt\">&#8220;Worker and Child Rights in Seasonal Agriculture&#8221; Brochures are Published! As part of our &#8220;The Last Stop for Child Labour: Eski\u015fehir!&#8221; project where we focus on families and individuals under<\/div>\t\t<div class=\"raven-post-read-more\">\n\t\t\t<a class=\"raven-post-button\" href=\"https:\/\/www.genchayat.org\/en\/worker-and-child-rights-in-seasonal-agriculture-leaflets-are-published\/\"><span class=\"raven-post-button-text\">Read More<\/span><\/a>\n\t\t<\/div>\n\t\t\t\t\t\t<\/div>\n\t\t\t<\/div>\n\t\t<\/div>\n\t\t\t\t<\/div>\n\t\t<span class=\"raven-infinite-load\"><\/span>\t\t\t\t<\/div>\n\t\t\t\t<\/div>\n\t\t\t\t\t<\/div>\n\t\t<\/div>\n\t\t\t\t\t<\/div>\n\t\t<\/section>\n\t\t\t\t<\/div>\n\t\t","protected":false},"excerpt":{"rendered":"<p>NEWS&nbsp; Merkez ofisimizde y\u00fcr\u00fctt\u00fc\u011f\u00fcm\u00fcz afet \u00e7al\u0131\u015fmalar\u0131 i\u00e7in g\u00f6n\u00fcll\u00fclerimizi ar\u0131yoruz. 6 \u015eubat 2023 tarihinde ba\u015fta Kahramanmara\u015f, Hatay, Ad\u0131yaman, Malatya, Gaziantep illerimiz olmak \u00fczere \u00e7evre illeri derinden etkileyen depremler ya\u015fad\u0131k. Gen\u00e7 Hayat Vakf\u0131 olarak afet b\u00f6lgelerinde ilk g\u00fcnden itibaren \u00e7al\u0131\u015f\u0131yoruz; Hatay Read More Gen\u00e7 Hayat Vakf\u0131 Deprem B\u00f6lgelerinde DEPREM B\u00d6LGELER\u0130NDE NELER YAPIYORUZ? Profesyonel ekibimizle ilk g\u00fcnden itibaren [&hellip;]<\/p>\n","protected":false},"author":10,"featured_media":0,"parent":0,"menu_order":0,"comment_status":"closed","ping_status":"closed","template":"","meta":{"_acf_changed":false,"footnotes":""},"class_list":["post-18971","page","type-page","status-publish","hentry"],"acf":[],"_links":{"self":[{"href":"https:\/\/www.genchayat.org\/en\/wp-json\/wp\/v2\/pages\/18971","targetHints":{"allow":["GET"]}}],"collection":[{"href":"https:\/\/www.genchayat.org\/en\/wp-json\/wp\/v2\/pages"}],"about":[{"href":"https:\/\/www.genchayat.org\/en\/wp-json\/wp\/v2\/types\/page"}],"author":[{"embeddable":true,"href":"https:\/\/www.genchayat.org\/en\/wp-json\/wp\/v2\/users\/10"}],"replies":[{"embeddable":true,"href":"https:\/\/www.genchayat.org\/en\/wp-json\/wp\/v2\/comments?post=18971"}],"version-history":[{"count":36,"href":"https:\/\/www.genchayat.org\/en\/wp-json\/wp\/v2\/pages\/18971\/revisions"}],"predecessor-version":[{"id":29541,"href":"https:\/\/www.genchayat.org\/en\/wp-json\/wp\/v2\/pages\/18971\/revisions\/29541"}],"wp:attachment":[{"href":"https:\/\/www.genchayat.org\/en\/wp-json\/wp\/v2\/media?parent=18971"}],"curies":[{"name":"wp","href":"https:\/\/api.w.org\/{rel}","templated":true}]}}